{"id":1969,"date":"2026-03-28T09:33:20","date_gmt":"2026-03-28T09:33:20","guid":{"rendered":"https:\/\/panisowa.com.pl\/?post_type=product&#038;p=1969"},"modified":"2026-04-07T13:09:10","modified_gmt":"2026-04-07T13:09:10","slug":"gazetka-szkolna-galeria-szkolnych-osobowosci","status":"publish","type":"product","link":"https:\/\/panisowa.com.pl\/index.php\/product\/gazetka-szkolna-galeria-szkolnych-osobowosci\/","title":{"rendered":"Gazetka szkolna Galeria szkolnych osobowo\u015bci"},"content":{"rendered":"<p data-section-id=\"1ej839t\" data-start=\"426\" data-end=\"447\"><span role=\"text\">\ud83d\udce6<strong>W zestawie:<\/strong><br \/>\n<\/span>\u2714\ufe0f 36 szkolnych osobowo\u015bci<br data-start=\"479\" data-end=\"482\" \/>\u2013 gotowe karty w nowoczesnym, zeszytowym stylu<br data-start=\"528\" data-end=\"531\" \/>\u2013 kr\u00f3tkie, trafne i zabawne opisy bliskie uczniom<br \/>\n\u2714\ufe0f 2 strza\u0142ki A4<br data-start=\"604\" data-end=\"607\" \/>\u2013 \u201eZnajd\u017a siebie\u2026\u201d<br data-start=\"625\" data-end=\"628\" \/>\u2013 \u201e\u2026i przyjaci\u00f3\u0142!\u201d<br data-start=\"646\" data-end=\"649\" \/>\ud83d\udc49 przyci\u0105gaj\u0105 uwag\u0119 i anga\u017cuj\u0105 uczni\u00f3w<br \/>\n\u2714\ufe0f Napis tytu\u0142owy w 3 wersjach: A4, 2xA4, 3xA4<br data-start=\"748\" data-end=\"751\" \/>\ud83d\udc49 dopasujesz do ka\u017cdej tablicy\/gazetki<\/p>\n<p data-section-id=\"1ct29ms\" data-start=\"797\" data-end=\"822\"><span role=\"text\">\ud83d\udca1 <strong data-start=\"803\" data-end=\"822\">Dlaczego warto?<br \/>\n<\/strong><\/span>\u2728 integruje uczni\u00f3w<br \/>\n\u2728 buduje pozytywn\u0105 atmosfer\u0119<br \/>\n\u2728 anga\u017cuje (naprawd\u0119!)<br \/>\n\u2728 gotowe do druku<br \/>\n\u2728 idealne dla starszych klas<br \/>\n\u2728 nowoczesny design<\/p>\n","protected":false},"excerpt":{"rendered":"<p data-start=\"214\" data-end=\"249\"><strong data-start=\"214\" data-end=\"249\">Znajd\u017a siebie\u2026 i przyjaci\u00f3\u0142! \ud83d\ude04<br \/>\n<\/strong>To gazetka, kt\u00f3ra \u017cyje!<br data-start=\"274\" data-end=\"277\" \/>Uczniowie zatrzymuj\u0105 si\u0119, czytaj\u0105, \u015bmiej\u0105 i\u2026 szukaj\u0105 siebie nawzajem \ud83d\udc40<br data-start=\"348\" data-end=\"351\" \/>Idealna na korytarz szkolny, godziny wychowawcze i integracj\u0119 klasy.<br \/>\nPlik PDF do samodzielnego wydruku.<\/p>\n","protected":false},"featured_media":1972,"template":"","meta":[],"product_brand":[],"product_cat":[24,42,64,33,19,18,15],"product_tag":[],"class_list":{"0":"post-1969","1":"product","2":"type-product","3":"status-publish","4":"has-post-thumbnail","6":"product_cat-dzien-edukacji-narodowej","7":"product_cat-dzien-pozytywnego-myslenia","8":"product_cat-kl-iv-viii","9":"product_cat-profilaktyczne-motywacyjne","10":"product_cat-psycholog-pedagog","11":"product_cat-rozpoczecie-roku-szkolnego","12":"product_cat-wszystkie","14":"first","15":"instock","16":"downloadable","17":"virtual","18":"sold-individually","19":"purchasable","20":"product-type-simple","21":"add-to-wishlist-before_image"},"aioseo_notices":[],"_links":{"self":[{"href":"https:\/\/panisowa.com.pl\/index.php\/wp-json\/wp\/v2\/product\/1969","targetHints":{"allow":["GET"]}}],"collection":[{"href":"https:\/\/panisowa.com.pl\/index.php\/wp-json\/wp\/v2\/product"}],"about":[{"href":"https:\/\/panisowa.com.pl\/index.php\/wp-json\/wp\/v2\/types\/product"}],"wp:featuredmedia":[{"embeddable":true,"href":"https:\/\/panisowa.com.pl\/index.php\/wp-json\/wp\/v2\/media\/1972"}],"wp:attachment":[{"href":"https:\/\/panisowa.com.pl\/index.php\/wp-json\/wp\/v2\/media?parent=1969"}],"wp:term":[{"taxonomy":"product_brand","embeddable":true,"href":"https:\/\/panisowa.com.pl\/index.php\/wp-json\/wp\/v2\/product_brand?post=1969"},{"taxonomy":"product_cat","embeddable":true,"href":"https:\/\/panisowa.com.pl\/index.php\/wp-json\/wp\/v2\/product_cat?post=1969"},{"taxonomy":"product_tag","embeddable":true,"href":"https:\/\/panisowa.com.pl\/index.php\/wp-json\/wp\/v2\/product_tag?post=1969"}],"curies":[{"name":"wp","href":"https:\/\/api.w.org\/{rel}","templated":true}]}}