{"id":2002,"date":"2026-03-29T15:36:53","date_gmt":"2026-03-29T15:36:53","guid":{"rendered":"https:\/\/panisowa.com.pl\/?post_type=product&#038;p=2002"},"modified":"2026-04-07T13:08:22","modified_gmt":"2026-04-07T13:08:22","slug":"dekoracja-na-swieto-konstytucji-3-maja","status":"publish","type":"product","link":"https:\/\/panisowa.com.pl\/index.php\/product\/dekoracja-na-swieto-konstytucji-3-maja\/","title":{"rendered":"Dekoracja na \u015awi\u0119to Konstytucji 3 Maja"},"content":{"rendered":"<p data-section-id=\"1ej839t\" data-start=\"394\" data-end=\"415\"><span role=\"text\">\ud83d\udce6 <strong data-start=\"400\" data-end=\"415\">W zestawie:<br \/>\n<\/strong><\/span>\ud83d\udcaegirlanda A4 \u201e\u015aWI\u0118TO KONSTYTUCJI 3 MAJA\u201d<strong data-start=\"431\" data-end=\"462\"><br \/>\n<\/strong>\ud83d\udcaegrafika kartka XL A4, 4xA4, 9xA4<strong><br \/>\n<\/strong>\ud83d\udcaegrafika mapa z orze\u0142kiem XL A4, 4xA4, 9xA4<strong data-start=\"535\" data-end=\"556\"><br \/>\n<\/strong>\ud83d\udcaedodatkowe dekoracje: motylki i maki<strong data-start=\"582\" data-end=\"600\"><br \/>\n<\/strong>\ud83d\udcaegrafika dziewczynka w stroju ludowym XXL A4, 4xA4, 7xA4, 12xA4<br \/>\n\ud83d\udcaegrafika ch\u0142opiec w stroju ludowym XXL A4, 4xA4, 6xA4, 12xA4<\/p>\n<p data-section-id=\"1oj1hjy\" data-start=\"748\" data-end=\"773\"><span role=\"text\">\ud83c\udf1f <strong data-start=\"754\" data-end=\"773\">Dlaczego warto?<br \/>\n<\/strong><\/span>\ud83c\udf37Gotowa dekoracja \u2013 oszcz\u0119dzasz czas, drukujesz i dekorujesz<br \/>\n\ud83c\udf37Sp\u00f3jna stylistyka \u2013 maki, kolory narodowe i motywy ludowe tworz\u0105 pi\u0119kny efekt<br \/>\n\ud83c\udf37R\u00f3\u017cne formaty \u2013 dopasujesz wielko\u015b\u0107 do ka\u017cdej przestrzeni<br \/>\n\ud83c\udf37\u0141atwe przygotowanie \u2013 idealne do szybkiego monta\u017cu przed akademi\u0105<br \/>\n\ud83c\udf37Uniwersalne zastosowanie \u2013 sprawdzi si\u0119 w klasie, na korytarzu i sali gimnastycznej<br \/>\n\ud83c\udf37Efekt WOW \u2013 przyci\u0105ga uwag\u0119 uczni\u00f3w i podkre\u015bla rang\u0119 wydarzenia<\/p>\n","protected":false},"excerpt":{"rendered":"<p data-start=\"108\" data-end=\"323\">Wyj\u0105tkowa, efektowna i gotowa do wydruku dekoracja, kt\u00f3ra podkre\u015bli uroczysty charakter akademii szkolnej \ud83c\udf93<br data-start=\"216\" data-end=\"219\" \/>Czerwono-bia\u0142a kolorystyka, motyw mak\u00f3w oraz elementy ludowe tworz\u0105 sp\u00f3jn\u0105 i bardzo estetyczn\u0105 ca\u0142o\u015b\u0107 \u2764\ufe0f Idealna na apel, gazetk\u0119 szkoln\u0105 lub dekoracj\u0119 sali lekcyjnej!<br \/>\nPlik PDF do samodzielnego wydruku.<\/p>\n","protected":false},"featured_media":2008,"template":"","meta":[],"product_brand":[],"product_cat":[61,64,56,15],"product_tag":[],"class_list":{"0":"post-2002","1":"product","2":"type-product","3":"status-publish","4":"has-post-thumbnail","6":"product_cat-edukacja-wczesnoszkolna","7":"product_cat-kl-iv-viii","8":"product_cat-swieto-konstytucji-3-maja","9":"product_cat-wszystkie","11":"first","12":"instock","13":"downloadable","14":"virtual","15":"sold-individually","16":"purchasable","17":"product-type-simple","18":"add-to-wishlist-before_image"},"aioseo_notices":[],"_links":{"self":[{"href":"https:\/\/panisowa.com.pl\/index.php\/wp-json\/wp\/v2\/product\/2002","targetHints":{"allow":["GET"]}}],"collection":[{"href":"https:\/\/panisowa.com.pl\/index.php\/wp-json\/wp\/v2\/product"}],"about":[{"href":"https:\/\/panisowa.com.pl\/index.php\/wp-json\/wp\/v2\/types\/product"}],"wp:featuredmedia":[{"embeddable":true,"href":"https:\/\/panisowa.com.pl\/index.php\/wp-json\/wp\/v2\/media\/2008"}],"wp:attachment":[{"href":"https:\/\/panisowa.com.pl\/index.php\/wp-json\/wp\/v2\/media?parent=2002"}],"wp:term":[{"taxonomy":"product_brand","embeddable":true,"href":"https:\/\/panisowa.com.pl\/index.php\/wp-json\/wp\/v2\/product_brand?post=2002"},{"taxonomy":"product_cat","embeddable":true,"href":"https:\/\/panisowa.com.pl\/index.php\/wp-json\/wp\/v2\/product_cat?post=2002"},{"taxonomy":"product_tag","embeddable":true,"href":"https:\/\/panisowa.com.pl\/index.php\/wp-json\/wp\/v2\/product_tag?post=2002"}],"curies":[{"name":"wp","href":"https:\/\/api.w.org\/{rel}","templated":true}]}}