{"id":2061,"date":"2026-03-31T18:01:12","date_gmt":"2026-03-31T18:01:12","guid":{"rendered":"https:\/\/panisowa.com.pl\/?post_type=product&#038;p=2061"},"modified":"2026-04-14T18:25:43","modified_gmt":"2026-04-14T18:25:43","slug":"gazetka-motywacyjna-misja-egzamin","status":"publish","type":"product","link":"https:\/\/panisowa.com.pl\/index.php\/product\/gazetka-motywacyjna-misja-egzamin\/","title":{"rendered":"Gazetka motywacyjna Misja Egzamin"},"content":{"rendered":"<p data-section-id=\"70q00h\" data-start=\"539\" data-end=\"556\">\ud83d\udce6 <strong>W zestawie:<br \/>\n<\/strong>\ud83c\udf93 20 szt. motywacyjnych tekst\u00f3w (format: nieca\u0142e A4)<br data-start=\"611\" data-end=\"614\" \/>\ud83c\udf93 grafika START \u2013 FINISH<br data-start=\"639\" data-end=\"642\" \/>\ud83c\udf93 napis g\u0142\u00f3wny w wersjach: A4, 2xA4, 3xA4<br data-start=\"684\" data-end=\"687\" \/>\ud83c\udf93 grafika XL w wersjach: A4, 4xA4, 9xA4<\/p>\n<p data-section-id=\"ota91g\" data-start=\"736\" data-end=\"757\">\ud83d\udca1 <strong>Dlaczego warto?<br \/>\n<\/strong>\u2714 wspiera uczni\u00f3w w radzeniu sobie ze stresem przed egzaminem<br data-start=\"820\" data-end=\"823\" \/>\u2714 wzmacnia poczucie sprawczo\u015bci i wiar\u0119 we w\u0142asne mo\u017cliwo\u015bci<br data-start=\"883\" data-end=\"886\" \/>\u2714 przypomina najwa\u017cniejsze strategie egzaminacyjne w przyst\u0119pnej formie<br data-start=\"957\" data-end=\"960\" \/>\u2714 tworzy pozytywn\u0105, wspieraj\u0105c\u0105 atmosfer\u0119 w klasie lub na korytarzu<br data-start=\"1027\" data-end=\"1030\" \/>\u2714 przyci\u0105ga uwag\u0119 nowoczesn\u0105, dynamiczn\u0105 grafik\u0105<br data-start=\"1078\" data-end=\"1081\" \/>\u2714 gotowa do wydruku i szybkiego przygotowania gazetki<\/p>\n","protected":false},"excerpt":{"rendered":"<p data-section-id=\"1t8cdhq\" data-start=\"110\" data-end=\"175\"><strong>MISJA: EGZAMIN \u2013 gazetka motywacyjna dla uczni\u00f3w klas 8<br \/>\n<\/strong>Dynamiczna, nowoczesna gazetka, kt\u00f3ra wspiera uczni\u00f3w przed egzaminem \u00f3smoklasisty. Motyw wy\u015bcigu i celu (START\u2013FINISH) pomaga uporz\u0105dkowa\u0107 emocje i doda\u0107 pewno\u015bci siebie w wa\u017cnym momencie. To nie tylko dekoracja \u2014 to realne wsparcie, wskaz\u00f3wki i pozytywne komunikaty, kt\u00f3re pomagaj\u0105 uczniom uwierzy\u0107 w swoje mo\u017cliwo\u015bci.<br \/>\n<strong>Nie musisz by\u0107 idealny \u2014 wystarczy, \u017ce poka\u017cesz, co ju\u017c potrafisz.<br \/>\n<\/strong>Plik PDF do samodzielnego wydruku.<\/p>\n","protected":false},"featured_media":2062,"template":"","meta":[],"product_brand":[],"product_cat":[64,33,19,15],"product_tag":[],"class_list":{"0":"post-2061","1":"product","2":"type-product","3":"status-publish","4":"has-post-thumbnail","6":"product_cat-kl-iv-viii","7":"product_cat-profilaktyczne-motywacyjne","8":"product_cat-psycholog-pedagog","9":"product_cat-wszystkie","11":"first","12":"instock","13":"downloadable","14":"virtual","15":"sold-individually","16":"purchasable","17":"product-type-simple","18":"add-to-wishlist-before_image"},"aioseo_notices":[],"_links":{"self":[{"href":"https:\/\/panisowa.com.pl\/index.php\/wp-json\/wp\/v2\/product\/2061","targetHints":{"allow":["GET"]}}],"collection":[{"href":"https:\/\/panisowa.com.pl\/index.php\/wp-json\/wp\/v2\/product"}],"about":[{"href":"https:\/\/panisowa.com.pl\/index.php\/wp-json\/wp\/v2\/types\/product"}],"wp:featuredmedia":[{"embeddable":true,"href":"https:\/\/panisowa.com.pl\/index.php\/wp-json\/wp\/v2\/media\/2062"}],"wp:attachment":[{"href":"https:\/\/panisowa.com.pl\/index.php\/wp-json\/wp\/v2\/media?parent=2061"}],"wp:term":[{"taxonomy":"product_brand","embeddable":true,"href":"https:\/\/panisowa.com.pl\/index.php\/wp-json\/wp\/v2\/product_brand?post=2061"},{"taxonomy":"product_cat","embeddable":true,"href":"https:\/\/panisowa.com.pl\/index.php\/wp-json\/wp\/v2\/product_cat?post=2061"},{"taxonomy":"product_tag","embeddable":true,"href":"https:\/\/panisowa.com.pl\/index.php\/wp-json\/wp\/v2\/product_tag?post=2061"}],"curies":[{"name":"wp","href":"https:\/\/api.w.org\/{rel}","templated":true}]}}